{"id":102,"date":"2015-01-17T21:22:26","date_gmt":"2015-01-17T20:22:26","guid":{"rendered":"http:\/\/ff-unterduerrbach.de\/?page_id=102"},"modified":"2017-03-18T16:53:54","modified_gmt":"2017-03-18T15:53:54","slug":"first-responder","status":"publish","type":"page","link":"http:\/\/ff-unterduerrbach.de\/?page_id=102","title":{"rendered":"First Responder"},"content":{"rendered":"<div id=\"pl-102\"  class=\"panel-layout\" ><div id=\"pg-102-0\"  class=\"panel-grid panel-no-style\" ><div id=\"pgc-102-0-0\"  class=\"panel-grid-cell\" ><div id=\"panel-102-0-0-0\" class=\"so-panel widget widget_metaslider_widget panel-first-child panel-last-child\" data-index=\"0\" ><div id=\"metaslider-id-346\" style=\"max-width: 1080px;\" class=\"ml-slider-3-102-0 metaslider metaslider-flex metaslider-346 ml-slider ms-theme-default nav-hidden\" role=\"region\" aria-label=\"HvO\" data-height=\"200\" data-width=\"1080\">\n    <div id=\"metaslider_container_346\">\n        <div id=\"metaslider_346\">\n            <ul class='slides'>\n                <li style=\"display: block; width: 100%;\" class=\"slide-349 ms-image \" aria-roledescription=\"slide\" data-date=\"2015-01-18 23:13:45\" data-slide-type=\"image\"><img loading=\"lazy\" decoding=\"async\" src=\"http:\/\/ff-unterduerrbach.de\/wp-content\/uploads\/2015\/01\/hvo.jpg\" height=\"200\" width=\"1080\" alt=\"\" class=\"slider-346 slide-349 msDefaultImage\" \/><\/li>\n            <\/ul>\n        <\/div>\n        \n    <\/div>\n<\/div><\/div><\/div><\/div><div id=\"pg-102-1\"  class=\"panel-grid panel-no-style\" ><div id=\"pgc-102-1-0\"  class=\"panel-grid-cell\" ><div id=\"panel-102-1-0-0\" class=\"so-panel widget widget_text panel-first-child panel-last-child\" data-index=\"1\" ><h3 class=\"widget-title\">First Responder Gruppe der Freiwilligen Feuerwehr Unterd\u00fcrrbach<\/h3>\t\t\t<div class=\"textwidget\"><p>Seit 1997 gibt es bei der Freiwilligen Feuerwehr Unterd\u00fcrrbach eine Einheit, die speziell f\u00fcr die lebenserhaltende schnelle Erste Hilfe ausgebildet wurde. Nach amerikanischen Vorbild wird diese Schnelleinsatzgruppe bei den Feuerwehren \u201cFirst Responder\u201d genannt. Frei \u00fcbersetzt bedeutet dies \u201cerste Reaktion\u201d. Bei lebensbedrohenden Notf\u00e4llen fordert die Rettungsleitstelle W\u00fcrzburg die First Responder an, um das therapiefreie Intervall, die Zeit zwischen dem Eintreten eines Notfalles und dem Eintreffen des Rettungsdienstes bzw. Notarztes, zu \u00fcberbr\u00fccken.<\/p>\n<p>Die Unterd\u00fcrrbacher First Responder sind f\u00fcr das gesamte D\u00fcrrbachtal (Neuer Hafen, D\u00fcrrbachau, Unterd\u00fcrrbach und Oberd\u00fcrrbach) zust\u00e4ndig. Die eingesetzten Ersthelfer m\u00fcssen mindestens eine 72-st\u00fcndige Sonderausbildung als Sanit\u00e4tshelfer absolvieren. Nach bestandener Pr\u00fcfung schlie\u00dft eine 88-st\u00fcndige Fortbildung zum Rettungshelfer an. Der theoretischen Ausbildung folgt ein mindestens 80-st\u00fcndiges Wachpraktikum auf Krankentransportwagen, Rettungswagen und dem Notarzteinsatzfahrzeug.<\/p>\n<p>Am 6. Januar 1998 wurden die Unterd\u00fcrrbacher First Responder erstmals alarmiert. Im ersten Jahr wurden 95 First Responder - Eins\u00e4tze gefahren, 1999 waren es bereits 134, in den Folgejahren steigerte sich das Einsatzaufkommen auf \u00fcber 200 First Responder-Eins\u00e4tze im Jahr. In der Regel treffen die First Responder etwa 5 Minuten vor dem Rettungsdienst an der Einsatzstelle ein. Seit November 1999 besteht eine <a href=\" http:\/\/ff-unterduerrbach.de\/?page_id=114\">Kooperation zwischen der Johanniter Unfallhilfe W\u00fcrzburg und der Freiwilligen Feuerwehr Unterd\u00fcrrbach<\/a>. Dabei wurde vereinbart, sich gegenseitig bei der Ausbildung und im Einsatzdienst zu unterst\u00fctzen. <\/p>\n<\/div>\n\t\t<\/div><\/div><\/div><div id=\"pg-102-2\"  class=\"panel-grid panel-no-style\" ><div id=\"pgc-102-2-0\"  class=\"panel-grid-cell\" ><div id=\"panel-102-2-0-0\" class=\"so-panel widget widget_circleicon-widget panel-first-child panel-last-child\" data-index=\"2\" >\t\t<div class=\"circle-icon-box circle-icon-position-left circle-icon-hide-box circle-icon-size-small\">\n\t\t\t<div class=\"circle-icon-wrapper\">\n\t\t\t\t<a href=\"http:\/\/ff-unterduerrbach.de\/?page_id=114\" class=\"link-icon\" >\t\t\t\t<div class=\"circle-icon\" >\n\t\t\t\t\t<div class=\"fa fa-ambulance\" ><\/div>\t\t\t\t<\/div>\n\t\t\t\t<\/a>\t\t\t<\/div>\n\n\t\t\t<a href=\"http:\/\/ff-unterduerrbach.de\/?page_id=114\" class=\"link-title\" >\t\t\t<h4 >Kooperation mit der Johanniter-Unfall-Hilfe W\u00fcrzburg<\/h4>\t\t\t<\/a>\n\t\t\t<p class=\"text\" >Seit 1999 besteht eine Kooperation zwischen der Johanniter-Unfallhilfe-W\u00fcrzburg und der Freiwilligen Feuerwehr Unterd\u00fcrrbach<\/p>\t\t\t\t\t\t\t<a href=\"http:\/\/ff-unterduerrbach.de\/?page_id=114\" class=\"more-button\" >Erfahren Sie mehr dar\u00fcber <i><\/i><\/a>\n\t\t\t\t\t<\/div>\n\t\t<\/div><\/div><\/div><div id=\"pg-102-3\"  class=\"panel-grid panel-no-style\" ><div id=\"pgc-102-3-0\"  class=\"panel-grid-cell\" ><div id=\"panel-102-3-0-0\" class=\"so-panel widget widget_text panel-first-child panel-last-child\" data-index=\"3\" >\t\t\t<div class=\"textwidget\"><\/div>\n\t\t<\/div><\/div><\/div><\/div>","protected":false},"excerpt":{"rendered":"<p>Seit 1997 gibt es bei der Freiwilligen Feuerwehr Unterd\u00fcrrbach eine Einheit, die speziell f\u00fcr die lebenserhaltende schnelle Erste Hilfe ausgebildet wurde. Nach amerikanischen Vorbild wird diese Schnelleinsatzgruppe bei den Feuerwehren \u201cFirst Responder\u201d genannt. Frei \u00fcbersetzt bedeutet dies \u201cerste Reaktion\u201d. Bei lebensbedrohenden Notf\u00e4llen fordert die Rettungsleitstelle W\u00fcrzburg die First Responder an, um das therapiefreie Intervall, die [&hellip;]<\/p>\n","protected":false},"author":1,"featured_media":0,"parent":19,"menu_order":3,"comment_status":"open","ping_status":"open","template":"home-panels.php","meta":{"footnotes":""},"class_list":["post-102","page","type-page","status-publish","hentry","post"],"_links":{"self":[{"href":"http:\/\/ff-unterduerrbach.de\/index.php?rest_route=\/wp\/v2\/pages\/102","targetHints":{"allow":["GET"]}}],"collection":[{"href":"http:\/\/ff-unterduerrbach.de\/index.php?rest_route=\/wp\/v2\/pages"}],"about":[{"href":"http:\/\/ff-unterduerrbach.de\/index.php?rest_route=\/wp\/v2\/types\/page"}],"author":[{"embeddable":true,"href":"http:\/\/ff-unterduerrbach.de\/index.php?rest_route=\/wp\/v2\/users\/1"}],"replies":[{"embeddable":true,"href":"http:\/\/ff-unterduerrbach.de\/index.php?rest_route=%2Fwp%2Fv2%2Fcomments&post=102"}],"version-history":[{"count":9,"href":"http:\/\/ff-unterduerrbach.de\/index.php?rest_route=\/wp\/v2\/pages\/102\/revisions"}],"predecessor-version":[{"id":507,"href":"http:\/\/ff-unterduerrbach.de\/index.php?rest_route=\/wp\/v2\/pages\/102\/revisions\/507"}],"up":[{"embeddable":true,"href":"http:\/\/ff-unterduerrbach.de\/index.php?rest_route=\/wp\/v2\/pages\/19"}],"wp:attachment":[{"href":"http:\/\/ff-unterduerrbach.de\/index.php?rest_route=%2Fwp%2Fv2%2Fmedia&parent=102"}],"curies":[{"name":"wp","href":"https:\/\/api.w.org\/{rel}","templated":true}]}}