{"id":166,"date":"2015-01-17T22:25:25","date_gmt":"2015-01-17T21:25:25","guid":{"rendered":"http:\/\/ff-unterduerrbach.de\/?page_id=166"},"modified":"2016-05-06T14:33:53","modified_gmt":"2016-05-06T13:33:53","slug":"bootsfahrschule","status":"publish","type":"page","link":"http:\/\/ff-unterduerrbach.de\/?page_id=166","title":{"rendered":"Bootsfahrschule"},"content":{"rendered":"<div id=\"pl-166\"  class=\"panel-layout\" ><div id=\"pg-166-0\"  class=\"panel-grid panel-no-style\" ><div id=\"pgc-166-0-0\"  class=\"panel-grid-cell\" ><div id=\"panel-166-0-0-0\" class=\"so-panel widget widget_metaslider_widget panel-first-child panel-last-child\" data-index=\"0\" ><div id=\"metaslider-id-375\" style=\"max-width: 1080px;\" class=\"ml-slider-3-102-0 metaslider metaslider-flex metaslider-375 ml-slider ms-theme-default nav-hidden\" role=\"region\" aria-label=\"Boot\" data-height=\"200\" data-width=\"1080\">\n    <div id=\"metaslider_container_375\">\n        <div id=\"metaslider_375\">\n            <ul class='slides'>\n                <li style=\"display: block; width: 100%;\" class=\"slide-376 ms-image \" aria-roledescription=\"slide\" data-date=\"2015-01-18 23:44:17\" data-slide-type=\"image\"><img loading=\"lazy\" decoding=\"async\" src=\"http:\/\/ff-unterduerrbach.de\/wp-content\/uploads\/2015\/01\/boot.jpg\" height=\"200\" width=\"1080\" alt=\"\" class=\"slider-375 slide-376 msDefaultImage\" \/><\/li>\n            <\/ul>\n        <\/div>\n        \n    <\/div>\n<\/div><\/div><\/div><\/div><div id=\"pg-166-1\"  class=\"panel-grid panel-no-style\" ><div id=\"pgc-166-1-0\"  class=\"panel-grid-cell\" ><div id=\"panel-166-1-0-0\" class=\"so-panel widget widget_text panel-first-child panel-last-child\" data-index=\"1\" ><h3 class=\"widget-title\">Bootsfahrschule Florian<\/h3>\t\t\t<div class=\"textwidget\"><p>Bootsf\u00fchrer bildet die Freiwillige Feuerwehr Unterd\u00fcrrbach e.V. in ihrer eigenen Bootsfahrschule aus. Geschult wird sowohl auf dem Schnelleinsatz-Schlauchboot, wie auch auf dem Mehrzweckboot und einem eigenen Schulungsboot. Ziel der Ausbildung ist der Sportbootf\u00fchrerschein Binnen. Die Ausbildung umfasst Schifffahrtspolizeivorschriften, Tag- und Nachtbezeichnung der Fahrzeuge und schwimmenden Ger\u00e4te, Sichtzeichen im Fahrwasser, am Ufer, an Br\u00fccken und an Schleusen, Schallsignale, Sicherheitsvorschriften, Umweltschutz und Naturschutz, Sicherheitsausr\u00fcstung und sonstige Anforderungen, Seemannschaft, Wetterkunde sowie der Sonderteil Antriebsmaschine. Die Pr\u00fcfung wird von der \u00f6rtlichen Pr\u00fcfungskommission des Deutschen Motoryachtverbandes im Auftrag des Bundesministeriums f\u00fcr Verkehr abgenommen, bei gen\u00fcgender Teilnehmerzahl auch vor Ort.<\/p>\n<p>Bewerber f\u00fcr den Sportbootf\u00fchrerschein m\u00fcssen eine entsprechende Eignung nachweisen. Die Bootsfahrschule Florian der Freiwilligen Feuerwehr Unterd\u00fcrrbach e.V. bildet neben dem eigenen Personal auch k\u00fcnftige Bootsf\u00fchrer anderer Wehren und Organisationen aus. Dabei werden nur die Unkosten und die Pr\u00fcfungsgeb\u00fchren (direkt an den Pr\u00fcfungsausschuss) verrechnet. Seit 1997 ist diese Bootsfahrschule vom Deutschen Motoryachtverband als \u201eAnerkannte Ausbildungsst\u00e4tte\" ausgezeichnet und die Ausbilder verf\u00fcgen \u00fcber eine \u201eAusbilderlizenz\". <\/p>\n<p>Der Sportbootf\u00fchrerschein Binnen erlaubt das F\u00fchren von Booten bis zu einer L\u00e4nge von 15 m. Im Anschluss an den bestandenen F\u00fchrerschein wird eine Ausbildung zum \u201eFeuerwehr-Bootsf\u00fchrer\" angeboten. Diese Ausbildung beinhaltet die besonderen Kenntnisse f\u00fcr die technischen Eins\u00e4tze auf Gew\u00e4ssern, die Rettung Ertrinkender und das F\u00fchren von Feuerwehrbooten unter erschwerten Bedingungen.<\/p>\n<\/div>\n\t\t<\/div><\/div><\/div><div id=\"pg-166-2\"  class=\"panel-grid panel-no-style\" ><div id=\"pgc-166-2-0\"  class=\"panel-grid-cell\" ><div id=\"panel-166-2-0-0\" class=\"so-panel widget widget_text panel-first-child panel-last-child\" data-index=\"2\" >\t\t\t<div class=\"textwidget\"><\/div>\n\t\t<\/div><\/div><\/div><div id=\"pg-166-3\"  class=\"panel-grid panel-no-style\" ><div id=\"pgc-166-3-0\"  class=\"panel-grid-cell\" ><div id=\"panel-166-3-0-0\" class=\"so-panel widget widget_circleicon-widget panel-first-child panel-last-child\" data-index=\"3\" >\t\t<div class=\"circle-icon-box circle-icon-position-left circle-icon-hide-box circle-icon-size-small\">\n\t\t\t<div class=\"circle-icon-wrapper\">\n\t\t\t\t<a href=\"mailto:bootsfahrschule@ff-unterduerrbach.de\" class=\"link-icon\" >\t\t\t\t<div class=\"circle-icon\" >\n\t\t\t\t\t<div class=\"fa fa-anchor\" ><\/div>\t\t\t\t<\/div>\n\t\t\t\t<\/a>\t\t\t<\/div>\n\n\t\t\t<a href=\"mailto:bootsfahrschule@ff-unterduerrbach.de\" class=\"link-title\" >\t\t\t<h4 >Sportbootf\u00fchrerausbildung bei der FFU<\/h4>\t\t\t<\/a>\n\t\t\t<p class=\"text\" >Falls Sie an der Ausbildung zum Sportbootf\u00fchrerschein Binnen interessiert sind oder Fragen zu unserer Bootsfahrschule haben, k\u00f6nne Sie sich gerne an uns wenden<\/p>\t\t\t\t\t\t\t<a href=\"mailto:bootsfahrschule@ff-unterduerrbach.de\" class=\"more-button\" >Kontakt zur Bootsfahrschule Florian <i><\/i><\/a>\n\t\t\t\t\t<\/div>\n\t\t<\/div><\/div><div id=\"pgc-166-3-1\"  class=\"panel-grid-cell\" ><div id=\"panel-166-3-1-0\" class=\"so-panel widget widget_circleicon-widget panel-first-child panel-last-child\" data-index=\"4\" >\t\t<div class=\"circle-icon-box circle-icon-position-left circle-icon-hide-box circle-icon-size-small\">\n\t\t\t<div class=\"circle-icon-wrapper\">\n\t\t\t\t<a href=\"http:\/\/www.dmyv.de\" class=\"link-icon\" >\t\t\t\t<div class=\"circle-icon\" >\n\t\t\t\t\t<div class=\"fa fa-external-link\" ><\/div>\t\t\t\t<\/div>\n\t\t\t\t<\/a>\t\t\t<\/div>\n\n\t\t\t<a href=\"http:\/\/www.dmyv.de\" class=\"link-title\" >\t\t\t<h4 >Deutscher Motoryachtverband<\/h4>\t\t\t<\/a>\n\t\t\t<p class=\"text\" >Wir sind eine anerkannte Ausbildungsst\u00e4tte des Deutschen Motorychatverband. Dort k\u00f6nnen Sie sich auch \u00fcber alle Formalit\u00e4ten informieren.<\/p>\t\t\t\t\t\t\t<a href=\"http:\/\/www.dmyv.de\" class=\"more-button\" >Link zum DMYV <i><\/i><\/a>\n\t\t\t\t\t<\/div>\n\t\t<\/div><\/div><\/div><div id=\"pg-166-4\"  class=\"panel-grid panel-no-style\" ><div id=\"pgc-166-4-0\"  class=\"panel-grid-cell\" ><div id=\"panel-166-4-0-0\" class=\"so-panel widget widget_text panel-first-child panel-last-child\" data-index=\"5\" >\t\t\t<div class=\"textwidget\"><\/div>\n\t\t<\/div><\/div><\/div><\/div>","protected":false},"excerpt":{"rendered":"<p>Bootsf\u00fchrer bildet die Freiwillige Feuerwehr Unterd\u00fcrrbach e.V. in ihrer eigenen Bootsfahrschule aus. Geschult wird sowohl auf dem Schnelleinsatz-Schlauchboot, wie auch auf dem Mehrzweckboot und einem eigenen Schulungsboot. Ziel der Ausbildung ist der Sportbootf\u00fchrerschein Binnen. Die Ausbildung umfasst Schifffahrtspolizeivorschriften, Tag- und Nachtbezeichnung der Fahrzeuge und schwimmenden Ger\u00e4te, Sichtzeichen im Fahrwasser, am Ufer, an Br\u00fccken und an [&hellip;]<\/p>\n","protected":false},"author":1,"featured_media":0,"parent":21,"menu_order":5,"comment_status":"open","ping_status":"open","template":"home-panels.php","meta":{"footnotes":""},"class_list":["post-166","page","type-page","status-publish","hentry","post"],"_links":{"self":[{"href":"http:\/\/ff-unterduerrbach.de\/index.php?rest_route=\/wp\/v2\/pages\/166","targetHints":{"allow":["GET"]}}],"collection":[{"href":"http:\/\/ff-unterduerrbach.de\/index.php?rest_route=\/wp\/v2\/pages"}],"about":[{"href":"http:\/\/ff-unterduerrbach.de\/index.php?rest_route=\/wp\/v2\/types\/page"}],"author":[{"embeddable":true,"href":"http:\/\/ff-unterduerrbach.de\/index.php?rest_route=\/wp\/v2\/users\/1"}],"replies":[{"embeddable":true,"href":"http:\/\/ff-unterduerrbach.de\/index.php?rest_route=%2Fwp%2Fv2%2Fcomments&post=166"}],"version-history":[{"count":7,"href":"http:\/\/ff-unterduerrbach.de\/index.php?rest_route=\/wp\/v2\/pages\/166\/revisions"}],"predecessor-version":[{"id":395,"href":"http:\/\/ff-unterduerrbach.de\/index.php?rest_route=\/wp\/v2\/pages\/166\/revisions\/395"}],"up":[{"embeddable":true,"href":"http:\/\/ff-unterduerrbach.de\/index.php?rest_route=\/wp\/v2\/pages\/21"}],"wp:attachment":[{"href":"http:\/\/ff-unterduerrbach.de\/index.php?rest_route=%2Fwp%2Fv2%2Fmedia&parent=166"}],"curies":[{"name":"wp","href":"https:\/\/api.w.org\/{rel}","templated":true}]}}