{"id":193,"date":"2015-01-17T22:49:59","date_gmt":"2015-01-17T21:49:59","guid":{"rendered":"http:\/\/ff-unterduerrbach.de\/?page_id=193"},"modified":"2016-02-04T14:15:18","modified_gmt":"2016-02-04T13:15:18","slug":"unterduerrbach-401","status":"publish","type":"page","link":"http:\/\/ff-unterduerrbach.de\/?page_id=193","title":{"rendered":"Unterd\u00fcrrbach 40\/1"},"content":{"rendered":"<div id=\"pl-193\"  class=\"panel-layout\" ><div id=\"pg-193-0\"  class=\"panel-grid panel-no-style\" ><div id=\"pgc-193-0-0\"  class=\"panel-grid-cell\" ><div id=\"panel-193-0-0-0\" class=\"so-panel widget widget_metaslider_widget panel-first-child panel-last-child\" data-index=\"0\" ><div id=\"metaslider-id-321\" style=\"max-width: 1080px;\" class=\"ml-slider-3-102-0 metaslider metaslider-flex metaslider-321 ml-slider ms-theme-default nav-hidden\" role=\"region\" aria-label=\"401\" data-height=\"200\" data-width=\"1080\">\n    <div id=\"metaslider_container_321\">\n        <div id=\"metaslider_321\">\n            <ul class='slides'>\n                <li style=\"display: block; width: 100%;\" class=\"slide-322 ms-image \" aria-roledescription=\"slide\" data-date=\"2015-01-18 23:01:38\" data-slide-type=\"image\"><img loading=\"lazy\" decoding=\"async\" src=\"http:\/\/ff-unterduerrbach.de\/wp-content\/uploads\/2015\/01\/401-1.jpg\" height=\"200\" width=\"1080\" alt=\"\" class=\"slider-321 slide-322 msDefaultImage\" \/><\/li>\n                <li style=\"display: none; width: 100%;\" class=\"slide-323 ms-image \" aria-roledescription=\"slide\" data-date=\"2015-01-18 23:01:39\" data-slide-type=\"image\"><img loading=\"lazy\" decoding=\"async\" src=\"http:\/\/ff-unterduerrbach.de\/wp-content\/uploads\/2015\/01\/401-2.jpg\" height=\"200\" width=\"1080\" alt=\"\" class=\"slider-321 slide-323 msDefaultImage\" \/><\/li>\n                <li style=\"display: none; width: 100%;\" class=\"slide-324 ms-image \" aria-roledescription=\"slide\" data-date=\"2015-01-18 23:01:40\" data-slide-type=\"image\"><img loading=\"lazy\" decoding=\"async\" src=\"http:\/\/ff-unterduerrbach.de\/wp-content\/uploads\/2015\/01\/401-3.jpg\" height=\"200\" width=\"1080\" alt=\"\" class=\"slider-321 slide-324 msDefaultImage\" \/><\/li>\n            <\/ul>\n        <\/div>\n        \n    <\/div>\n<\/div><\/div><\/div><\/div><div id=\"pg-193-1\"  class=\"panel-grid panel-no-style\" ><div id=\"pgc-193-1-0\"  class=\"panel-grid-cell\" ><div id=\"panel-193-1-0-0\" class=\"so-panel widget widget_text panel-first-child panel-last-child\" data-index=\"1\" ><h3 class=\"widget-title\">Florian Unterd\u00fcrrbach 40\/1 (L\u00f6schgruppenfahrzeug)<\/h3>\t\t\t<div class=\"textwidget\"><p><b>Technische Daten:<\/b><br \/>\nFahrzeugart: L\u00f6schgruppenfahrzeug 16\/12<br \/>\nBaujahr: 1994<br \/>\nHersteller: Mercedes-Benz<br \/>\nBesatzung: 1\/8<br \/>\nMotorleistung: 177 kW \/ 240 PS<br \/>\nGewicht: 12.200 kg<br \/>\nPumpe: FP 16\/8 (1.600 l\/min)<br \/>\nZumischsystem: Foam-Master<br \/>\nWassertank:\t1.600 Liter<\/p>\n<p><b>Ausr\u00fcstung:<\/b><br \/>\nFP 16\/8 (1.600 l\/min), Foam-Master - Schaumzumisch-System, Gefahrgutpumpe mit Zubeh\u00f6r, Stromerzeuger (7,8 kVA), Schnellangriffshaspel mit 30m S-Schlauch und einem Hohlstrahlrohr, Pressluftatmer (\u00dcberdruckger\u00e4te) ,  Atemschutz\u00fcberwachung, H\u00f6hensicherungssatz, Verkehrsabsicherungssatz, Material zur Brandbek\u00e4mpfung mit Schwer- und Mittelschaum, Elektro-Trennschleifer mit Zubeh\u00f6r, Motorkettens\u00e4ge mit Zubeh\u00f6r, Elektrowerkzeugkoffer, hydraulische Rettungssatz (Spreizer, Rettungsschere, kleiner und mittlerer Rettungszylinder und Hydraulikaggregat), B\u00fcffelheber, Glas-Master, Oktupus - Airbag-Sicherung, Wassersauger mit Zubeh\u00f6r, Tempest-L\u00fcfter mit Verbrennungsmotor,  Sprungretter (selbstaufblasend), CO2-L\u00f6scher, Tauchpumpe,  Kanaldichtmaterial, Hitzeschutzanz\u00fcge, Schaufeltrage mit Zubeh\u00f6r<\/p>\n<p><b>Beschaffung und Einsatz:<\/b><br \/>\nIm Oktober 2002 \u00fcbernahm die FF Unterd\u00fcrrbach ein LF 16 der Berufsfeuerwehr mit dem Baujahr 1994. Daf\u00fcr wurde das bisherige LF 16 der FF Unterd\u00fcrrbach (Baujahr 1990) an die FF W\u00fcrzburg, L\u00f6schzug 1 abgegeben. Das \"neue\" Unterd\u00fcrrbacher LF 16 verf\u00fcgt jetzt, wie das TLF 24\/48 \u00fcber ein Automatikgetriebe, neu in der Beladung sind Hebekissen, Sprungretter, Wassersauger, Lichtmast und L\u00fcfter. 2006 wurde zus\u00e4tzlich ein Foam-Master Schaumzumischsystem installiert, durch das dem L\u00f6schwasser automatisch eine gewisse Menge Schaummittel zugesetzt werden kann. Zusammen mit einem Hohlstrahlrohr oder einem Schaumrohr kann sowohl ein Schaummittelfilm als auch normaler Mittelschaum erzeugt werden. Ein L\u00f6schgruppenfahrzeug ist das \"Standartfahrzeug\" der Feuerwehr und wird bei nahezu allen Eins\u00e4tzen als erstes Fahrzeug besetzt. Es hat Ausr\u00fcstung und Mannschaft an Bord um sowohl bei der Brandbek\u00e4mpfung als auch bei der Technischen Hilfeleistung fast alle Eins\u00e4tze meistern zu k\u00f6nnen.<\/p>\n<\/div>\n\t\t<\/div><\/div><\/div><\/div>","protected":false},"excerpt":{"rendered":"<p>Technische Daten: Fahrzeugart: L\u00f6schgruppenfahrzeug 16\/12 Baujahr: 1994 Hersteller: Mercedes-Benz Besatzung: 1\/8 Motorleistung: 177 kW \/ 240 PS Gewicht: 12.200 kg Pumpe: FP 16\/8 (1.600 l\/min) Zumischsystem: Foam-Master Wassertank: 1.600 Liter Ausr\u00fcstung: FP 16\/8 (1.600 l\/min), Foam-Master &#8211; Schaumzumisch-System, Gefahrgutpumpe mit Zubeh\u00f6r, Stromerzeuger (7,8 kVA), Schnellangriffshaspel mit 30m S-Schlauch und einem Hohlstrahlrohr, Pressluftatmer (\u00dcberdruckger\u00e4te) , Atemschutz\u00fcberwachung, [&hellip;]<\/p>\n","protected":false},"author":1,"featured_media":0,"parent":17,"menu_order":3,"comment_status":"open","ping_status":"open","template":"home-panels.php","meta":{"footnotes":""},"class_list":["post-193","page","type-page","status-publish","hentry","post"],"_links":{"self":[{"href":"http:\/\/ff-unterduerrbach.de\/index.php?rest_route=\/wp\/v2\/pages\/193","targetHints":{"allow":["GET"]}}],"collection":[{"href":"http:\/\/ff-unterduerrbach.de\/index.php?rest_route=\/wp\/v2\/pages"}],"about":[{"href":"http:\/\/ff-unterduerrbach.de\/index.php?rest_route=\/wp\/v2\/types\/page"}],"author":[{"embeddable":true,"href":"http:\/\/ff-unterduerrbach.de\/index.php?rest_route=\/wp\/v2\/users\/1"}],"replies":[{"embeddable":true,"href":"http:\/\/ff-unterduerrbach.de\/index.php?rest_route=%2Fwp%2Fv2%2Fcomments&post=193"}],"version-history":[{"count":5,"href":"http:\/\/ff-unterduerrbach.de\/index.php?rest_route=\/wp\/v2\/pages\/193\/revisions"}],"predecessor-version":[{"id":451,"href":"http:\/\/ff-unterduerrbach.de\/index.php?rest_route=\/wp\/v2\/pages\/193\/revisions\/451"}],"up":[{"embeddable":true,"href":"http:\/\/ff-unterduerrbach.de\/index.php?rest_route=\/wp\/v2\/pages\/17"}],"wp:attachment":[{"href":"http:\/\/ff-unterduerrbach.de\/index.php?rest_route=%2Fwp%2Fv2%2Fmedia&parent=193"}],"curies":[{"name":"wp","href":"https:\/\/api.w.org\/{rel}","templated":true}]}}