{"id":23,"date":"2015-01-17T19:00:45","date_gmt":"2015-01-17T18:00:45","guid":{"rendered":"http:\/\/ff-unterduerrbach.de\/?page_id=23"},"modified":"2015-01-24T21:23:27","modified_gmt":"2015-01-24T20:23:27","slug":"jugendfeuerwehr","status":"publish","type":"page","link":"http:\/\/ff-unterduerrbach.de\/?page_id=23","title":{"rendered":"Jugendgruppe"},"content":{"rendered":"<div id=\"pl-23\"  class=\"panel-layout\" ><div id=\"pg-23-0\"  class=\"panel-grid panel-no-style\" ><div id=\"pgc-23-0-0\"  class=\"panel-grid-cell\" ><div id=\"panel-23-0-0-0\" class=\"so-panel widget widget_metaslider_widget panel-first-child panel-last-child\" data-index=\"0\" ><div id=\"metaslider-id-378\" style=\"max-width: 1080px;\" class=\"ml-slider-3-102-0 metaslider metaslider-flex metaslider-378 ml-slider ms-theme-default nav-hidden\" role=\"region\" aria-label=\"Jugend\" data-height=\"200\" data-width=\"1080\">\n    <div id=\"metaslider_container_378\">\n        <div id=\"metaslider_378\">\n            <ul class='slides'>\n                <li style=\"display: block; width: 100%;\" class=\"slide-379 ms-image \" aria-roledescription=\"slide\" data-date=\"2015-01-18 23:46:32\" data-slide-type=\"image\"><img loading=\"lazy\" decoding=\"async\" src=\"http:\/\/ff-unterduerrbach.de\/wp-content\/uploads\/2015\/01\/jugend.jpg\" height=\"200\" width=\"1080\" alt=\"\" class=\"slider-378 slide-379 msDefaultImage\" \/><\/li>\n            <\/ul>\n        <\/div>\n        \n    <\/div>\n<\/div><\/div><\/div><\/div><div id=\"pg-23-1\"  class=\"panel-grid panel-no-style\" ><div id=\"pgc-23-1-0\"  class=\"panel-grid-cell\" ><div id=\"panel-23-1-0-0\" class=\"so-panel widget widget_text panel-first-child panel-last-child\" data-index=\"1\" ><h3 class=\"widget-title\">Jugendgruppe der Freiwilligen Feuerwehr Unterd\u00fcrrbach<\/h3>\t\t\t<div class=\"textwidget\"><p>Bereits 1976 wurde die Jugendgruppe der Freiwilligen Feuerwehr Unterd\u00fcrrbach durch den langj\u00e4hrigen 1. Kommandanten Karl Adam gegr\u00fcndet. Die damalige kleine Ortsfeuerwehr hatte akute Nachwuchsprobleme und die \u00e4lteren Kameraden waren gr\u00f6\u00dfere Aktivit\u00e4ten in der Feuerwehr nicht unbedingt gewohnt. Was damals von vielen bel\u00e4chelt wurde, ist heute Standard jeder modernen Wehr, die auch ihre Verantwortung f\u00fcr die Zukunft erkannt hat.<\/p>\n<p>Bereits im Mai 1976 stand die erste Gruppe mit mehr als 20 Jungs um 16 Jahre. Es war mal wieder etwas los im Dorf. Die Gruppenstunden fanden in Ermangelung eines Feuerwehrhauses mit Schulungsraum im Nebenzimmer der Gastst\u00e4tte \u201eZum Schwanen\u201c statt, dessen Wirt Lothar Gropp zu dieser Zeit auch das Amt das 1. Kommandanten inne hatte. Es wurde ein erstes Jugendzeltlager angeboten. Sch\u00f6nau an der Saale bei Gem\u00fcnden war das Ziel. Die Schar um Karl Adam wurde immer gr\u00f6\u00dfer. 1978 kamen erstmals auch M\u00e4dchen in die Jugendgruppe, w\u00e4hrend sich zur gleichen Zeit bei den Aktiven die erste Damengruppe bildete. Mit dem ersten und einzigen Fahrzeug der Wehr, ein damals 12 Jahre altes TSF (Ford FK 1000) r\u00fcckte die Jugend zu ihren \u00dcbungen aus. Vor allen Dingen im Nachbarort Veitsh\u00f6chheim wurde am Mainufer die FwDV 4 ge\u00fcbt. War in einem Nachbarort ein Feuerwehrfest, wurde kurzerhand das TSF zum Mannschaftstransporter umfunktioniert. Bei 2 bis 3 Eins\u00e4tzen im Jahr, war dies auch kein Problem. \u00dcber so manche Anekdote dieser \u201eGr\u00fcnderzeit\u201c der sich neu formierenden Wehr lacht man heute noch am Stammtisch. Mittlerweile sind nahezu alle Dienstgrade und der gr\u00f6\u00dfte Teil der Mannschaft \u201eEigengew\u00e4chse\u201c aus der Jugendgruppe.<\/p>\n<p>Auf dem Programm der Jugend stehen auch heute Freizeitveranstaltungen verschiedenster Art. Besonders beliebt sind noch immer die Zeltlager und Ausfl\u00fcge. Aber nat\u00fcrlich kommt auch das \"Feuerwehrtechnische\" nicht zu kurz. So werden an den w\u00f6chentlichen Gruppen\u00fcbungen schon einmal Feuer gel\u00f6scht, Puppen aus Fahrzeugen befreit oder dem Jugendwart ein Druckverband angelegt. Das Mindestalter f\u00fcr die Aufnahme in die Jugendgruppe liegt derzeit bei 10 Jahren. Die Jugendgruppe trifft sich immer Mittwochs um 17.30 Uhr zu den Gruppen\u00fcbungen und regelm\u00e4\u00dfig auch in den Ferien oder am Wochenende zu verschiedenen Ausfl\u00fcgen und Veranstaltungen. Bei Interesse k\u00f6nnen die Jugendlichen jederzeit gerne einmal am Feuerwehrhaus vorbei schauen oder eine Mail an den Jugendwart schreiben.<\/p>\n<\/div>\n\t\t<\/div><\/div><\/div><div id=\"pg-23-2\"  class=\"panel-grid panel-no-style\" ><div id=\"pgc-23-2-0\"  class=\"panel-grid-cell\" ><div id=\"panel-23-2-0-0\" class=\"so-panel widget widget_text panel-first-child panel-last-child\" data-index=\"2\" >\t\t\t<div class=\"textwidget\"><\/div>\n\t\t<\/div><\/div><\/div><div id=\"pg-23-3\"  class=\"panel-grid panel-no-style\" ><div id=\"pgc-23-3-0\"  class=\"panel-grid-cell\" ><div id=\"panel-23-3-0-0\" class=\"so-panel widget widget_circleicon-widget panel-first-child panel-last-child\" data-index=\"3\" >\t\t<div class=\"circle-icon-box circle-icon-position-left circle-icon-hide-box circle-icon-size-small\">\n\t\t\t<div class=\"circle-icon-wrapper\">\n\t\t\t\t<a href=\"mailto:jugend@ff-unterduerrbach.de\" class=\"link-icon\" >\t\t\t\t<div class=\"circle-icon\" >\n\t\t\t\t\t<div class=\"fa fa-envelope\" ><\/div>\t\t\t\t<\/div>\n\t\t\t\t<\/a>\t\t\t<\/div>\n\n\t\t\t<a href=\"mailto:jugend@ff-unterduerrbach.de\" class=\"link-title\" >\t\t\t<h4 >Kontakt zur Jugendgruppe<\/h4>\t\t\t<\/a>\n\t\t\t<p class=\"text\" >Willst du mehr \u00fcber die Jugendfeuerwehr wissen oder einfach mal bei uns vorbei schauen <\/p>\t\t\t\t\t\t\t<a href=\"mailto:jugend@ff-unterduerrbach.de\" class=\"more-button\" >melde dich doch <i><\/i><\/a>\n\t\t\t\t\t<\/div>\n\t\t<\/div><\/div><\/div><div id=\"pg-23-4\"  class=\"panel-grid panel-no-style\" ><div id=\"pgc-23-4-0\"  class=\"panel-grid-cell\" ><div id=\"panel-23-4-0-0\" class=\"so-panel widget widget_text panel-first-child panel-last-child\" data-index=\"4\" >\t\t\t<div class=\"textwidget\"><\/div>\n\t\t<\/div><\/div><\/div><\/div>","protected":false},"excerpt":{"rendered":"<p>Bereits 1976 wurde die Jugendgruppe der Freiwilligen Feuerwehr Unterd\u00fcrrbach durch den langj\u00e4hrigen 1. Kommandanten Karl Adam gegr\u00fcndet. Die damalige kleine Ortsfeuerwehr hatte akute Nachwuchsprobleme und die \u00e4lteren Kameraden waren gr\u00f6\u00dfere Aktivit\u00e4ten in der Feuerwehr nicht unbedingt gewohnt. Was damals von vielen bel\u00e4chelt wurde, ist heute Standard jeder modernen Wehr, die auch ihre Verantwortung f\u00fcr die [&hellip;]<\/p>\n","protected":false},"author":1,"featured_media":0,"parent":0,"menu_order":5,"comment_status":"open","ping_status":"open","template":"home-panels.php","meta":{"footnotes":""},"class_list":["post-23","page","type-page","status-publish","hentry","post"],"_links":{"self":[{"href":"http:\/\/ff-unterduerrbach.de\/index.php?rest_route=\/wp\/v2\/pages\/23","targetHints":{"allow":["GET"]}}],"collection":[{"href":"http:\/\/ff-unterduerrbach.de\/index.php?rest_route=\/wp\/v2\/pages"}],"about":[{"href":"http:\/\/ff-unterduerrbach.de\/index.php?rest_route=\/wp\/v2\/types\/page"}],"author":[{"embeddable":true,"href":"http:\/\/ff-unterduerrbach.de\/index.php?rest_route=\/wp\/v2\/users\/1"}],"replies":[{"embeddable":true,"href":"http:\/\/ff-unterduerrbach.de\/index.php?rest_route=%2Fwp%2Fv2%2Fcomments&post=23"}],"version-history":[{"count":14,"href":"http:\/\/ff-unterduerrbach.de\/index.php?rest_route=\/wp\/v2\/pages\/23\/revisions"}],"predecessor-version":[{"id":397,"href":"http:\/\/ff-unterduerrbach.de\/index.php?rest_route=\/wp\/v2\/pages\/23\/revisions\/397"}],"wp:attachment":[{"href":"http:\/\/ff-unterduerrbach.de\/index.php?rest_route=%2Fwp%2Fv2%2Fmedia&parent=23"}],"curies":[{"name":"wp","href":"https:\/\/api.w.org\/{rel}","templated":true}]}}