{"id":462,"date":"2016-05-06T14:34:27","date_gmt":"2016-05-06T13:34:27","guid":{"rendered":"http:\/\/ff-unterduerrbach.de\/?page_id=462"},"modified":"2025-11-08T13:58:36","modified_gmt":"2025-11-08T12:58:36","slug":"geschichte-der-ffu","status":"publish","type":"page","link":"http:\/\/ff-unterduerrbach.de\/?page_id=462","title":{"rendered":"Geschichte der FFU"},"content":{"rendered":"<div id=\"pl-462\"  class=\"panel-layout\" ><div id=\"pg-462-0\"  class=\"panel-grid panel-no-style\" ><div id=\"pgc-462-0-0\"  class=\"panel-grid-cell\" ><div id=\"panel-462-0-0-0\" class=\"so-panel widget widget_metaslider_widget panel-first-child panel-last-child\" data-index=\"0\" ><div id=\"metaslider-id-467\" style=\"max-width: 1080px;\" class=\"ml-slider-3-102-0 metaslider metaslider-flex metaslider-467 ml-slider ms-theme-default nav-hidden\" role=\"region\" aria-label=\"Geschichte\" data-height=\"200\" data-width=\"1080\">\n    <div id=\"metaslider_container_467\">\n        <div id=\"metaslider_467\">\n            <ul class='slides'>\n                <li style=\"display: block; width: 100%;\" class=\"slide-477 ms-image \" aria-roledescription=\"slide\" data-date=\"2016-05-06 15:17:23\" data-slide-type=\"image\"><img loading=\"lazy\" decoding=\"async\" src=\"http:\/\/ff-unterduerrbach.de\/wp-content\/uploads\/2016\/05\/Geschichte-7.jpg\" height=\"200\" width=\"1080\" alt=\"\" class=\"slider-467 slide-477 msDefaultImage\" \/><\/li>\n                <li style=\"display: none; width: 100%;\" class=\"slide-473 ms-image \" aria-roledescription=\"slide\" data-date=\"2016-05-06 15:17:17\" data-slide-type=\"image\"><img loading=\"lazy\" decoding=\"async\" src=\"http:\/\/ff-unterduerrbach.de\/wp-content\/uploads\/2016\/05\/Geschichte-3.jpg\" height=\"200\" width=\"1080\" alt=\"\" class=\"slider-467 slide-473 msDefaultImage\" \/><\/li>\n                <li style=\"display: none; width: 100%;\" class=\"slide-480 ms-image \" aria-roledescription=\"slide\" data-date=\"2016-05-06 15:17:29\" data-slide-type=\"image\"><img loading=\"lazy\" decoding=\"async\" src=\"http:\/\/ff-unterduerrbach.de\/wp-content\/uploads\/2016\/05\/Geschichte-10.jpg\" height=\"200\" width=\"1080\" alt=\"\" class=\"slider-467 slide-480 msDefaultImage\" \/><\/li>\n                <li style=\"display: none; width: 100%;\" class=\"slide-489 ms-image \" aria-roledescription=\"slide\" data-date=\"2016-05-06 15:17:45\" data-slide-type=\"image\"><img loading=\"lazy\" decoding=\"async\" src=\"http:\/\/ff-unterduerrbach.de\/wp-content\/uploads\/2016\/05\/Geschichte-19.jpg\" height=\"200\" width=\"1080\" alt=\"\" class=\"slider-467 slide-489 msDefaultImage\" \/><\/li>\n                <li style=\"display: none; width: 100%;\" class=\"slide-485 ms-image \" aria-roledescription=\"slide\" data-date=\"2016-05-06 15:17:39\" data-slide-type=\"image\"><img loading=\"lazy\" decoding=\"async\" src=\"http:\/\/ff-unterduerrbach.de\/wp-content\/uploads\/2016\/05\/Geschichte-15.jpg\" height=\"200\" width=\"1080\" alt=\"\" class=\"slider-467 slide-485 msDefaultImage\" \/><\/li>\n                <li style=\"display: none; width: 100%;\" class=\"slide-482 ms-image \" aria-roledescription=\"slide\" data-date=\"2016-05-06 15:17:33\" data-slide-type=\"image\"><img loading=\"lazy\" decoding=\"async\" src=\"http:\/\/ff-unterduerrbach.de\/wp-content\/uploads\/2016\/05\/Geschichte-12.jpg\" height=\"200\" width=\"1080\" alt=\"\" class=\"slider-467 slide-482 msDefaultImage\" \/><\/li>\n                <li style=\"display: none; width: 100%;\" class=\"slide-478 ms-image \" aria-roledescription=\"slide\" data-date=\"2016-05-06 15:17:25\" data-slide-type=\"image\"><img loading=\"lazy\" decoding=\"async\" src=\"http:\/\/ff-unterduerrbach.de\/wp-content\/uploads\/2016\/05\/Geschichte-8.jpg\" height=\"200\" width=\"1080\" alt=\"\" class=\"slider-467 slide-478 msDefaultImage\" \/><\/li>\n                <li style=\"display: none; width: 100%;\" class=\"slide-474 ms-image \" aria-roledescription=\"slide\" data-date=\"2016-05-06 15:17:18\" data-slide-type=\"image\"><img loading=\"lazy\" decoding=\"async\" src=\"http:\/\/ff-unterduerrbach.de\/wp-content\/uploads\/2016\/05\/Geschichte-4.jpg\" height=\"200\" width=\"1080\" alt=\"\" class=\"slider-467 slide-474 msDefaultImage\" \/><\/li>\n                <li style=\"display: none; width: 100%;\" class=\"slide-479 ms-image \" aria-roledescription=\"slide\" data-date=\"2016-05-06 15:17:27\" data-slide-type=\"image\"><img loading=\"lazy\" decoding=\"async\" src=\"http:\/\/ff-unterduerrbach.de\/wp-content\/uploads\/2016\/05\/Geschichte-9.jpg\" height=\"200\" width=\"1080\" alt=\"\" class=\"slider-467 slide-479 msDefaultImage\" \/><\/li>\n                <li style=\"display: none; width: 100%;\" class=\"slide-483 ms-image \" aria-roledescription=\"slide\" data-date=\"2016-05-06 15:17:34\" data-slide-type=\"image\"><img loading=\"lazy\" decoding=\"async\" src=\"http:\/\/ff-unterduerrbach.de\/wp-content\/uploads\/2016\/05\/Geschichte-13.jpg\" height=\"200\" width=\"1080\" alt=\"\" class=\"slider-467 slide-483 msDefaultImage\" \/><\/li>\n                <li style=\"display: none; width: 100%;\" class=\"slide-486 ms-image \" aria-roledescription=\"slide\" data-date=\"2016-05-06 15:17:40\" data-slide-type=\"image\"><img loading=\"lazy\" decoding=\"async\" src=\"http:\/\/ff-unterduerrbach.de\/wp-content\/uploads\/2016\/05\/Geschichte-16-1080x200.jpg\" height=\"200\" width=\"1080\" alt=\"\" class=\"slider-467 slide-486 msDefaultImage\" \/><\/li>\n                <li style=\"display: none; width: 100%;\" class=\"slide-475 ms-image \" aria-roledescription=\"slide\" data-date=\"2016-05-06 15:17:20\" data-slide-type=\"image\"><img loading=\"lazy\" decoding=\"async\" src=\"http:\/\/ff-unterduerrbach.de\/wp-content\/uploads\/2016\/05\/Geschichte-5-1.jpg\" height=\"200\" width=\"1080\" alt=\"\" class=\"slider-467 slide-475 msDefaultImage\" \/><\/li>\n                <li style=\"display: none; width: 100%;\" class=\"slide-481 ms-image \" aria-roledescription=\"slide\" data-date=\"2016-05-06 15:17:31\" data-slide-type=\"image\"><img loading=\"lazy\" decoding=\"async\" src=\"http:\/\/ff-unterduerrbach.de\/wp-content\/uploads\/2016\/05\/Geschichte-11.jpg\" height=\"200\" width=\"1080\" alt=\"\" class=\"slider-467 slide-481 msDefaultImage\" \/><\/li>\n                <li style=\"display: none; width: 100%;\" class=\"slide-488 ms-image \" aria-roledescription=\"slide\" data-date=\"2016-05-06 15:17:43\" data-slide-type=\"image\"><img loading=\"lazy\" decoding=\"async\" src=\"http:\/\/ff-unterduerrbach.de\/wp-content\/uploads\/2016\/05\/Geschichte-18.jpg\" height=\"200\" width=\"1080\" alt=\"\" class=\"slider-467 slide-488 msDefaultImage\" \/><\/li>\n                <li style=\"display: none; width: 100%;\" class=\"slide-472 ms-image \" aria-roledescription=\"slide\" data-date=\"2016-05-06 15:17:15\" data-slide-type=\"image\"><img loading=\"lazy\" decoding=\"async\" src=\"http:\/\/ff-unterduerrbach.de\/wp-content\/uploads\/2016\/05\/Geschichte-2.jpg\" height=\"200\" width=\"1080\" alt=\"\" class=\"slider-467 slide-472 msDefaultImage\" \/><\/li>\n                <li style=\"display: none; width: 100%;\" class=\"slide-484 ms-image \" aria-roledescription=\"slide\" data-date=\"2016-05-06 15:17:36\" data-slide-type=\"image\"><img loading=\"lazy\" decoding=\"async\" src=\"http:\/\/ff-unterduerrbach.de\/wp-content\/uploads\/2016\/05\/Geschichte-14.jpg\" height=\"200\" width=\"1080\" alt=\"\" class=\"slider-467 slide-484 msDefaultImage\" \/><\/li>\n                <li style=\"display: none; width: 100%;\" class=\"slide-471 ms-image \" aria-roledescription=\"slide\" data-date=\"2016-05-06 15:17:14\" data-slide-type=\"image\"><img loading=\"lazy\" decoding=\"async\" src=\"http:\/\/ff-unterduerrbach.de\/wp-content\/uploads\/2016\/05\/Geschichte-1-1.jpg\" height=\"200\" width=\"1080\" alt=\"\" class=\"slider-467 slide-471 msDefaultImage\" \/><\/li>\n                <li style=\"display: none; width: 100%;\" class=\"slide-487 ms-image \" aria-roledescription=\"slide\" data-date=\"2016-05-06 15:17:42\" data-slide-type=\"image\"><img loading=\"lazy\" decoding=\"async\" src=\"http:\/\/ff-unterduerrbach.de\/wp-content\/uploads\/2016\/05\/Geschichte-17.jpg\" height=\"200\" width=\"1080\" alt=\"\" class=\"slider-467 slide-487 msDefaultImage\" \/><\/li>\n                <li style=\"display: none; width: 100%;\" class=\"slide-476 ms-image \" aria-roledescription=\"slide\" data-date=\"2016-05-06 15:17:21\" data-slide-type=\"image\"><img loading=\"lazy\" decoding=\"async\" src=\"http:\/\/ff-unterduerrbach.de\/wp-content\/uploads\/2016\/05\/Geschichte-6.jpg\" height=\"200\" width=\"1080\" alt=\"\" class=\"slider-467 slide-476 msDefaultImage\" \/><\/li>\n            <\/ul>\n        <\/div>\n        \n    <\/div>\n<\/div><\/div><\/div><\/div><div id=\"pg-462-1\"  class=\"panel-grid panel-no-style\" ><div id=\"pgc-462-1-0\"  class=\"panel-grid-cell\" ><div id=\"panel-462-1-0-0\" class=\"so-panel widget widget_text panel-first-child\" data-index=\"1\" ><h3 class=\"widget-title\">Geschichte der Freiwilligen Feuerwehr Unterd\u00fcrrbach<\/h3>\t\t\t<div class=\"textwidget\"><p>Die Freiwillige Feuerwehr Unterd\u00fcrrbach wurde 1870 gegr\u00fcndet und war lange Zeit eine kleine Dorffeuerwehr, die erstmals 1963 mit einem TSF Ford Transit FK 1000 \u00fcber ein Fahrzeug verf\u00fcgte. 1976 gr\u00fcndete sich eine Jugendfeuerwehr. Aus dieser kamen die Impulse, die Wehr zu modernisieren und den Erfordernissen anzupassen. 1977 wurde die bis dahin selbstst\u00e4ndige Gemeinde im Rahmen der Gebietsreform zur Stadt W\u00fcrzburg eingemeindet. Die Wehr entschied sich, wie alle anderen Ortsteilwehren auch, weiterhin selbstst\u00e4ndig zu bleiben, wie dies im Bayerischen Feuerwehrgesetz vorgesehen ist.<\/p>\n<p>Die folgenden Jahre und Jahrzehnte brachten eine rasante Entwicklung. 1978 \u00fcbergab die Berufsfeuerwehr W\u00fcrzburg ein gebrauchtes LF 16 an die Stadtteilwehr. 1979 erwarb der Feuerwehrverein einen gebrauchten Ford Transit und r\u00fcstete diesen als Mehrzweckfahrzeug aus. 1979 gr\u00fcndete die Wehr auch eine Damengruppe. Seither ist es in Unterd\u00fcrrbach selbstverst\u00e4ndlich, dass auch Frauen und M\u00e4dchen Feuerwehrdienst leisten. Nicht nur in der K\u00fcche werden die Damen eingesetzt, sondern absolut gleich wie die m\u00e4nnlichen Kollegen. Beispielsweise auch als Fahrerin des LF 16 oder TLF 24\/50. Allerdings hat auch die K\u00fcche in Unterd\u00fcrrbach etwas mit dem Dienst der Damen zu tun. Bereits 1980 wurde eineVersorgungsgruppe aufgebaut, die bei Langzeiteins\u00e4tzen die Kollegen der Berufsfeuerwehr und der Freiwilligen Feuerwehren mit Speisen und Getr\u00e4nken versorgt.<\/p>\n<p>Die weite und teilweise schwierige Anfahrt in das D\u00fcrrbachtal machte es erforderlich, dass trotz einer Berufsfeuerwehr vor Ort auch weiterhin eine funktionst\u00fcchtige Freiwillige Feuerwehr besteht. Seit der Eingemeindung stehen die Kollegen der Berufsfeuerwehr und der Freiwilligen Feuerwehr im Einsatz Schulter an Schulter. Sie tragen die gleiche Schutzausr\u00fcstung und mit dem Alarm in der BF-Wache wird normalerweise gleichzeitig auch die \u00f6rtliche Freiwillige Feuerwehr alarmiert. 1982 konnte das neue Feuerwehrhaus in Betrieb gehen, das von der Manschaft vollkommen in Eigenleistung erbaut wurde. Nun standen zwei Stellpl\u00e4tze, ein Schulungsraum, ein B\u00fcro sowie Duschen und WC zur Verf\u00fcgung. Das Haus wurde am Rande eines Schulgel\u00e4ndes errichtet. Der gro\u00dfe Hof wird seither von Schule und Feuerwehr gemeinsam genutzt.<\/p>\n<p>1992 konnte mit einer Spendenaktion ein neuer VW T4 als Mehrzweckfahrzeug beschafft werden. 1992 reiften auch Pl\u00e4ne, das Haus um einen weiteren Stellplatz zu vergr\u00f6\u00dfern, was wiederum in kompletter Eigenleistung geschah. 1998 wurde es noch einmal n\u00f6tig das Feuerwehrhaus zu erweitern. Ein Querbau beherbergt im Untergeschoss zwei Stellpl\u00e4tze f\u00fcr PKW\u00b4s oder Kleinfahrzeuge, ein B\u00fcro mit Ruheraum, einen Bereitschaftsraum und einen Lager- und Arbeitsraum f\u00fcr das Ger\u00e4tewartteam. Im Obergeschossentstand ein gro\u00dfer Saal sowie WC\u00b4s, eine K\u00fcche und ein Archiv.\t Das Obergeschoss erhielt einen eigenen Eingang und wurde komplett an den Unterd\u00fcrrbacher Gesangverein vermietet, der auch bei den Bauarbeiten mithalf. Au\u00dferdem unterst\u00fctzte der Gesangverein bei der Finanzierung, die wieder der Feuerwehrverein mit \u00f6ffentlichen Zusch\u00fcssen durchf\u00fchrte.<\/p>\n<p>Der neue W\u00fcrzburger Hafen, das Industriegebiet Veitsh\u00f6chheimer Strasse, der Flugplatz Schenkenturm, die dichte Altortbebauung und eine v\u00f6llig unzureichende Wasserversorgung waren ma\u00dfgeblicher Grund, dass 1994 wieder von der Berufsfeuerwehr W\u00fcrzburg ein TLF 24\/50 \u00fcbernommen wurde. Das damals 19 Jahre alte Fahrzeug wurde technisch \u00fcberholt und der Aufbau neu lackiert. Seit seiner Indienststellung wird es nicht nur im direkten Ausr\u00fcckebereich der FF Unterd\u00fcrrbach eingesetzt, sondern auch auf den Autobahnen um W\u00fcrzburg und bei gr\u00f6\u00dferen Eins\u00e4tzen auch im Landkreis.<\/p>\n<p>Der Main f\u00fchrt auf etwa 6 km L\u00e4nge durch das Unterd\u00fcrrbacher Einsatzgebiet. Besonders der Neue Hafen machte es erforderlich, dass 1993 durch Vereinsmittel ein Schnelleinsatz-Schlauchboot beschafft wurde. Seither wird bei Wasserrettungseins\u00e4tzen in diesem Bereich der Wasserrettungszug der Berufsfeuerwehr, der BRK-Wasserwacht und der DLRG durch die FF Unterd\u00fcrrbach unterst\u00fctzt. Ebenso wird das Boot bei technischen Eins\u00e4tzen im Hafen und auf dem Main eingesetzt. 1997 kaufte der Feuerwehrverein ein Festschalenboot der Bereitschaftspolizei. Dieses wurde in Eigenarbeit restauriert und neu lackiert. \u00dcber die Jahre wurde sowohl der Motor, als auch der Bootsrumpf mehrfach durch Finanzmittel des Feuerwehrvereins erneuert.<\/p>\n<p>1998 kam mit dem First Responder Dienst ein ganz neues Aufgabengebiet hinzu. Ein gebrauchter Opel Astra Kombi wurde lackiert und ausger\u00fcstet. 1999 sponserte ein W\u00fcrzburger Autohaus einen Nissan-Sunny Traveller, der ebenfalls selbst ausger\u00fcstet und mit Folien lackiert wurde. Diese beiden PKW sind sowohl als Einsatzleitwagen, wie auch als First responder Fahrzeug ausgestattet und werden komplett vom Verein unterhalten. Bereits im ersten Jahr des First responder Dienstes wurden im D\u00fcrrbachtal 95 Notfalleins\u00e4tze gefahren. Auch hier gab es im Laufe der Zeit mehrere selbstfinanzierte Fahrzeug-Neubeschaffungen. <\/p>\n<p>Im sozialen Bereich bietet der Feuerwehrverein f\u00fcr die \u00f6rtlichen Senioren verschiedene Hilfen an. So f\u00e4hrt ein Seniorenbus mehrmals in der Woche Senioren zum Einkaufen und zu Besorgungen, es findet ein monatlicher Seniorennachmittag im Feuerwehrhaus statt und die Senioren werden bei Arbeiten im Garten und im Haus unterst\u00fctzt. Die Fahrzeuge, die hierf\u00fcr genutzt werden, wurden komplett \u00fcber Werbung finanziert und werden ebenfalls vom Feuerwehrverein unterhalten.<\/p>\n<p>Im Jahr 1999 wurde der bislang gr\u00f6\u00dfte Bauabschnitt des Feuerwehrhauses eingeweiht. Auch in den Folgejahren kam es immer wieder zu Erweiterungsbauten, zuletzt wurde 2014\/2015 erneut eine Fahrzeughalle mit zwei Stellpl\u00e4tzen fertig gestellt. So verf\u00fcgt die Feuerwehr Unterd\u00fcrrbach derzeit \u00fcber 8 Stellpl\u00e4tze, in denen 3 Gro\u00dffahrzeuge, ein Mehrzweckfahrzeug und zwei Boote untergebracht sind, die von der Stadt W\u00fcrzburg unterhalten werden. Der Feuerwehrverein selbst unterh\u00e4lt aktuell zwei First-Responder-Fahrzeuge, einen Seniorenbus und ein Transportfahrzeug f\u00fcr die mobile soziale Hilfe, die auch der aktiven Mannschaft zur Verf\u00fcgung stehen.<\/p>\n<\/div>\n\t\t<\/div><div id=\"panel-462-1-0-1\" class=\"so-panel widget widget_media_video\" data-index=\"2\" ><h3 class=\"widget-title\">Chronik der Freiwilligen Feuerwehr Unterd\u00fcrrbach &#8211; Teil 1<\/h3><div style=\"width:100%;\" class=\"wp-video\"><!--[if lt IE 9]><script>document.createElement('video');<\/script><![endif]-->\n<video class=\"wp-video-shortcode\" id=\"video-462-1\" preload=\"metadata\" controls=\"controls\"><source type=\"video\/mp4\" src=\"http:\/\/ff-unterduerrbach.de\/wp-content\/uploads\/2025\/11\/Chronik-FFU-Teil-1.mp4?_=1\" \/><source type=\"video\/mp4\" src=\"http:\/\/ff-unterduerrbach.de\/wp-content\/uploads\/2025\/11\/Chronik-FFU-Teil-1.mp4?_=1\" \/><a href=\"http:\/\/ff-unterduerrbach.de\/wp-content\/uploads\/2025\/11\/Chronik-FFU-Teil-1.mp4\">http:\/\/ff-unterduerrbach.de\/wp-content\/uploads\/2025\/11\/Chronik-FFU-Teil-1.mp4<\/a><\/video><\/div><\/div><div id=\"panel-462-1-0-2\" class=\"so-panel widget widget_media_video\" data-index=\"3\" ><h3 class=\"widget-title\">Chronik der Freiwilligen Feuerwehr Unterd\u00fcrrbach &#8211; Teil 2<\/h3><div style=\"width:100%;\" class=\"wp-video\"><video class=\"wp-video-shortcode\" id=\"video-462-2\" preload=\"metadata\" controls=\"controls\"><source type=\"video\/mp4\" src=\"http:\/\/ff-unterduerrbach.de\/wp-content\/uploads\/2025\/11\/Chronik-FFU-Teil-2.mp4?_=2\" \/><source type=\"video\/mp4\" src=\"http:\/\/ff-unterduerrbach.de\/wp-content\/uploads\/2025\/11\/Chronik-FFU-Teil-2.mp4?_=2\" \/><a href=\"http:\/\/ff-unterduerrbach.de\/wp-content\/uploads\/2025\/11\/Chronik-FFU-Teil-2.mp4\">http:\/\/ff-unterduerrbach.de\/wp-content\/uploads\/2025\/11\/Chronik-FFU-Teil-2.mp4<\/a><\/video><\/div><\/div><div id=\"panel-462-1-0-3\" class=\"so-panel widget widget_media_video\" data-index=\"4\" ><h3 class=\"widget-title\">Chronik der Freiwilligen Feuerwehr Unterd\u00fcrrbach &#8211; Teil 3<\/h3><div style=\"width:100%;\" class=\"wp-video\"><video class=\"wp-video-shortcode\" id=\"video-462-3\" preload=\"metadata\" controls=\"controls\"><source type=\"video\/mp4\" src=\"http:\/\/ff-unterduerrbach.de\/wp-content\/uploads\/2025\/11\/Chronik-FFU-Teil-3.mp4?_=3\" \/><source type=\"video\/mp4\" src=\"http:\/\/ff-unterduerrbach.de\/wp-content\/uploads\/2025\/11\/Chronik-FFU-Teil-3.mp4?_=3\" \/><a href=\"http:\/\/ff-unterduerrbach.de\/wp-content\/uploads\/2025\/11\/Chronik-FFU-Teil-3.mp4\">http:\/\/ff-unterduerrbach.de\/wp-content\/uploads\/2025\/11\/Chronik-FFU-Teil-3.mp4<\/a><\/video><\/div><\/div><div id=\"panel-462-1-0-4\" class=\"so-panel widget widget_media_video panel-last-child\" data-index=\"5\" ><h3 class=\"widget-title\">Chronik der Freiwilligen Feuerwehr Unterd\u00fcrrbach &#8211; Teil 4<\/h3><div style=\"width:100%;\" class=\"wp-video\"><video class=\"wp-video-shortcode\" id=\"video-462-4\" preload=\"metadata\" controls=\"controls\"><source type=\"video\/mp4\" src=\"http:\/\/ff-unterduerrbach.de\/wp-content\/uploads\/2025\/11\/Chronik-FFU-Teil-4.mp4?_=4\" \/><source type=\"video\/mp4\" src=\"http:\/\/ff-unterduerrbach.de\/wp-content\/uploads\/2025\/11\/Chronik-FFU-Teil-4.mp4?_=4\" \/><a href=\"http:\/\/ff-unterduerrbach.de\/wp-content\/uploads\/2025\/11\/Chronik-FFU-Teil-4.mp4\">http:\/\/ff-unterduerrbach.de\/wp-content\/uploads\/2025\/11\/Chronik-FFU-Teil-4.mp4<\/a><\/video><\/div><\/div><\/div><\/div><\/div>","protected":false},"excerpt":{"rendered":"<p>Die Freiwillige Feuerwehr Unterd\u00fcrrbach wurde 1870 gegr\u00fcndet und war lange Zeit eine kleine Dorffeuerwehr, die erstmals 1963 mit einem TSF Ford Transit FK 1000 \u00fcber ein Fahrzeug verf\u00fcgte. 1976 gr\u00fcndete sich eine Jugendfeuerwehr. Aus dieser kamen die Impulse, die Wehr zu modernisieren und den Erfordernissen anzupassen. 1977 wurde die bis dahin selbstst\u00e4ndige Gemeinde im Rahmen [&hellip;]<\/p>\n","protected":false},"author":1,"featured_media":0,"parent":21,"menu_order":3,"comment_status":"closed","ping_status":"closed","template":"home-panels.php","meta":{"footnotes":""},"class_list":["post-462","page","type-page","status-publish","hentry","post"],"_links":{"self":[{"href":"http:\/\/ff-unterduerrbach.de\/index.php?rest_route=\/wp\/v2\/pages\/462","targetHints":{"allow":["GET"]}}],"collection":[{"href":"http:\/\/ff-unterduerrbach.de\/index.php?rest_route=\/wp\/v2\/pages"}],"about":[{"href":"http:\/\/ff-unterduerrbach.de\/index.php?rest_route=\/wp\/v2\/types\/page"}],"author":[{"embeddable":true,"href":"http:\/\/ff-unterduerrbach.de\/index.php?rest_route=\/wp\/v2\/users\/1"}],"replies":[{"embeddable":true,"href":"http:\/\/ff-unterduerrbach.de\/index.php?rest_route=%2Fwp%2Fv2%2Fcomments&post=462"}],"version-history":[{"count":6,"href":"http:\/\/ff-unterduerrbach.de\/index.php?rest_route=\/wp\/v2\/pages\/462\/revisions"}],"predecessor-version":[{"id":575,"href":"http:\/\/ff-unterduerrbach.de\/index.php?rest_route=\/wp\/v2\/pages\/462\/revisions\/575"}],"up":[{"embeddable":true,"href":"http:\/\/ff-unterduerrbach.de\/index.php?rest_route=\/wp\/v2\/pages\/21"}],"wp:attachment":[{"href":"http:\/\/ff-unterduerrbach.de\/index.php?rest_route=%2Fwp%2Fv2%2Fmedia&parent=462"}],"curies":[{"name":"wp","href":"https:\/\/api.w.org\/{rel}","templated":true}]}}