{"id":5,"date":"2015-01-14T00:08:43","date_gmt":"2015-01-13T23:08:43","guid":{"rendered":"http:\/\/ff-unterduerrbach.de\/?page_id=5"},"modified":"2021-10-17T14:59:35","modified_gmt":"2021-10-17T13:59:35","slug":"home","status":"publish","type":"page","link":"http:\/\/ff-unterduerrbach.de\/","title":{"rendered":"Home"},"content":{"rendered":"<div id=\"pl-5\"  class=\"panel-layout\" ><div id=\"pg-5-0\"  class=\"panel-grid panel-no-style\" ><div id=\"pgc-5-0-0\"  class=\"panel-grid-cell panel-grid-cell-empty\" ><\/div><\/div><div id=\"pg-5-1\"  class=\"panel-grid panel-no-style\" ><div id=\"pgc-5-1-0\"  class=\"panel-grid-cell\" ><div id=\"panel-5-1-0-0\" class=\"so-panel widget widget_circleicon-widget panel-first-child panel-last-child\" data-index=\"0\" >\t\t<div class=\"circle-icon-box circle-icon-position-top circle-icon-hide-box circle-icon-size-small\">\n\t\t\t<div class=\"circle-icon-wrapper\">\n\t\t\t\t<a href=\"https:\/\/www.facebook.com\/pages\/Feuerwehr-Unterd\u00fcrrbach-Aktuell\/764961346953270?fref=ts\" class=\"link-icon\" >\t\t\t\t<div class=\"circle-icon\" >\n\t\t\t\t\t<div class=\"fa fa-fire\" ><\/div>\t\t\t\t<\/div>\n\t\t\t\t<\/a>\t\t\t<\/div>\n\n\t\t\t<a href=\"https:\/\/www.facebook.com\/pages\/Feuerwehr-Unterd\u00fcrrbach-Aktuell\/764961346953270?fref=ts\" class=\"link-title\" >\t\t\t<h4 >Eins\u00e4tze und News der FFU<\/h4>\t\t\t<\/a>\n\t\t\t<p class=\"text\" >Aktuelle Informationen zu den Eins\u00e4tzen, \u00dcbungen und Aktivit\u00e4ten der Freiwilligen Feuerwehr Unterd\u00fcrrbach finden Sie auf unserer Facebook-Seite<\/p>\t\t\t\t\t\t\t<a href=\"https:\/\/www.facebook.com\/pages\/Feuerwehr-Unterd\u00fcrrbach-Aktuell\/764961346953270?fref=ts\" class=\"more-button\" >Unsere Eins\u00e4tze und Aktivit\u00e4ten <i><\/i><\/a>\n\t\t\t\t\t<\/div>\n\t\t<\/div><\/div><div id=\"pgc-5-1-1\"  class=\"panel-grid-cell\" ><div id=\"panel-5-1-1-0\" class=\"so-panel widget widget_circleicon-widget panel-first-child panel-last-child\" data-index=\"1\" >\t\t<div class=\"circle-icon-box circle-icon-position-top circle-icon-hide-box circle-icon-size-small\">\n\t\t\t<div class=\"circle-icon-wrapper\">\n\t\t\t\t<a href=\"http:\/\/ff-unterduerrbach.de\/?page_id=19\" class=\"link-icon\" >\t\t\t\t<div class=\"circle-icon\" >\n\t\t\t\t\t<div class=\"fa fa-user\" ><\/div>\t\t\t\t<\/div>\n\t\t\t\t<\/a>\t\t\t<\/div>\n\n\t\t\t<a href=\"http:\/\/ff-unterduerrbach.de\/?page_id=19\" class=\"link-title\" >\t\t\t<h4 >Aktive Mannschaft der FFU<\/h4>\t\t\t<\/a>\n\t\t\t<p class=\"text\" >Die aktive Mannschaft der Freiwilligen Feuerwehr Unterd\u00fcrrbach ist rund um die Uhr mit modernster Ausr\u00fcstung f\u00fcr ihre Sicherheit im Einsatz<\/p>\t\t\t\t\t\t\t<a href=\"http:\/\/ff-unterduerrbach.de\/?page_id=19\" class=\"more-button\" >Unsere aktive Mannschaft <i><\/i><\/a>\n\t\t\t\t\t<\/div>\n\t\t<\/div><\/div><div id=\"pgc-5-1-2\"  class=\"panel-grid-cell\" ><div id=\"panel-5-1-2-0\" class=\"so-panel widget widget_circleicon-widget panel-first-child panel-last-child\" data-index=\"2\" >\t\t<div class=\"circle-icon-box circle-icon-position-top circle-icon-hide-box circle-icon-size-small\">\n\t\t\t<div class=\"circle-icon-wrapper\">\n\t\t\t\t<a href=\"http:\/\/ff-unterduerrbach.de\/?page_id=21\" class=\"link-icon\" >\t\t\t\t<div class=\"circle-icon\" >\n\t\t\t\t\t<div class=\"fa fa-home\" ><\/div>\t\t\t\t<\/div>\n\t\t\t\t<\/a>\t\t\t<\/div>\n\n\t\t\t<a href=\"http:\/\/ff-unterduerrbach.de\/?page_id=21\" class=\"link-title\" >\t\t\t<h4 >Feuerwehrverein der FFU<\/h4>\t\t\t<\/a>\n\t\t\t<p class=\"text\" >Der Feuerwehrverein der Freiwilligen Feuerwehr Unterd\u00fcrrbach hat vielf\u00e4ltige Aufgaben und engagiert sich auch in der Senioren- und Jugendarbeit<\/p>\t\t\t\t\t\t\t<a href=\"http:\/\/ff-unterduerrbach.de\/?page_id=21\" class=\"more-button\" >Unser Feuerwehrverein <i><\/i><\/a>\n\t\t\t\t\t<\/div>\n\t\t<\/div><\/div><\/div><div id=\"pg-5-2\"  class=\"panel-grid panel-no-style\" ><div id=\"pgc-5-2-0\"  class=\"panel-grid-cell\" ><div id=\"panel-5-2-0-0\" class=\"so-panel widget widget_text panel-first-child panel-last-child\" data-index=\"3\" >\t\t\t<div class=\"textwidget\"><\/div>\n\t\t<\/div><\/div><\/div><\/div>","protected":false},"excerpt":{"rendered":"<p>Eins\u00e4tze und News der FFU Aktuelle Informationen zu den Eins\u00e4tzen, \u00dcbungen und Aktivit\u00e4ten der Freiwilligen Feuerwehr Unterd\u00fcrrbach finden Sie auf unserer Facebook-Seite Unsere Eins\u00e4tze und Aktivit\u00e4ten Aktive Mannschaft der FFU Die aktive Mannschaft der Freiwilligen Feuerwehr Unterd\u00fcrrbach ist rund um die Uhr mit modernster Ausr\u00fcstung f\u00fcr ihre Sicherheit im Einsatz Unsere aktive Mannschaft Feuerwehrverein der [&hellip;]<\/p>\n","protected":false},"author":1,"featured_media":0,"parent":0,"menu_order":1,"comment_status":"closed","ping_status":"open","template":"home-panels.php","meta":{"footnotes":""},"class_list":["post-5","page","type-page","status-publish","hentry","post"],"_links":{"self":[{"href":"http:\/\/ff-unterduerrbach.de\/index.php?rest_route=\/wp\/v2\/pages\/5","targetHints":{"allow":["GET"]}}],"collection":[{"href":"http:\/\/ff-unterduerrbach.de\/index.php?rest_route=\/wp\/v2\/pages"}],"about":[{"href":"http:\/\/ff-unterduerrbach.de\/index.php?rest_route=\/wp\/v2\/types\/page"}],"author":[{"embeddable":true,"href":"http:\/\/ff-unterduerrbach.de\/index.php?rest_route=\/wp\/v2\/users\/1"}],"replies":[{"embeddable":true,"href":"http:\/\/ff-unterduerrbach.de\/index.php?rest_route=%2Fwp%2Fv2%2Fcomments&post=5"}],"version-history":[{"count":29,"href":"http:\/\/ff-unterduerrbach.de\/index.php?rest_route=\/wp\/v2\/pages\/5\/revisions"}],"predecessor-version":[{"id":536,"href":"http:\/\/ff-unterduerrbach.de\/index.php?rest_route=\/wp\/v2\/pages\/5\/revisions\/536"}],"wp:attachment":[{"href":"http:\/\/ff-unterduerrbach.de\/index.php?rest_route=%2Fwp%2Fv2%2Fmedia&parent=5"}],"curies":[{"name":"wp","href":"https:\/\/api.w.org\/{rel}","templated":true}]}}